{"id":431,"date":"2025-08-10T01:56:04","date_gmt":"2025-08-09T22:56:04","guid":{"rendered":"https:\/\/sakievents.com\/?page_id=431"},"modified":"2025-11-27T00:41:33","modified_gmt":"2025-11-26T21:41:33","slug":"hakkimizda","status":"publish","type":"page","link":"https:\/\/sakievents.com\/de\/hakkimizda\/","title":{"rendered":"\u00dcber uns"},"content":{"rendered":"<div data-elementor-type=\"wp-page\" data-elementor-id=\"431\" class=\"elementor elementor-431\">\n\t\t\t\t<div class=\"elementor-element elementor-element-b11bf9e e-flex e-con-boxed e-con e-parent\" data-id=\"b11bf9e\" data-element_type=\"container\" data-settings=\"{&quot;background_background&quot;:&quot;classic&quot;,&quot;jet_parallax_layout_list&quot;:[]}\">\n\t\t\t\t\t<div class=\"e-con-inner\">\n\t\t<div class=\"elementor-element elementor-element-58e35d7 e-con-full e-flex e-con e-child\" data-id=\"58e35d7\" data-element_type=\"container\" data-settings=\"{&quot;jet_parallax_layout_list&quot;:[]}\">\n\t\t\t\t<div class=\"elementor-element elementor-element-a1c2924 elementor-widget elementor-widget-heading\" data-id=\"a1c2924\" data-element_type=\"widget\" data-widget_type=\"heading.default\">\n\t\t\t\t\t<h2 class=\"elementor-heading-title elementor-size-default\">\u00dcber uns<\/h2>\t\t\t\t<\/div>\n\t\t\t\t<\/div>\n\t\t\t\t\t<\/div>\n\t\t\t\t<\/div>\n\t\t<div class=\"elementor-element elementor-element-676695f e-flex e-con-boxed elementor-invisible e-con e-parent\" data-id=\"676695f\" data-element_type=\"container\" data-settings=\"{&quot;jet_parallax_layout_list&quot;:[],&quot;animation&quot;:&quot;fadeInUp&quot;}\">\n\t\t\t\t\t<div class=\"e-con-inner\">\n\t\t<div class=\"elementor-element elementor-element-37c8d29 e-con-full e-flex e-con e-child\" data-id=\"37c8d29\" data-element_type=\"container\" data-settings=\"{&quot;jet_parallax_layout_list&quot;:[]}\">\n\t\t\t\t<div class=\"elementor-element elementor-element-1432528 elementor-widget elementor-widget-heading\" data-id=\"1432528\" data-element_type=\"widget\" data-widget_type=\"heading.default\">\n\t\t\t\t\t<h2 class=\"elementor-heading-title elementor-size-default\">\u00dcber uns<\/h2>\t\t\t\t<\/div>\n\t\t\t\t<div class=\"elementor-element elementor-element-a787490 elementor-widget elementor-widget-text-editor\" data-id=\"a787490\" data-element_type=\"widget\" data-widget_type=\"text-editor.default\">\n\t\t\t\t\t\t\t\t\t<p class=\"font-claude-response-body whitespace-normal break-words\">Alanyas etabliertes Organisationsunternehmen <strong>Saki Events<\/strong>Wir planen jedes Detail sorgf\u00e4ltig, um Ihre besonderen Momente unvergesslich zu machen. Unser Team ist spezialisiert auf Hochzeiten, Henna-Abende, Verlobungsfeiern, Beschneidungsfeiern und Heiratsantr\u00e4ge und plant jedes Detail mit gr\u00f6\u00dfter Sorgfalt, um Ihre Traumveranstaltung Wirklichkeit werden zu lassen.<\/p><p class=\"font-claude-response-body whitespace-normal break-words\"><strong>In der Region Alanya und Antalya<\/strong> Saki Events, ein Team mit hunderten erfolgreich durchgef\u00fchrten Veranstaltungen, ist mit seinem professionellen Team, innovativen Ideen und erstklassigem Service Ihr unverzichtbarer Partner f\u00fcr Ihre besonderen Anl\u00e4sse. Von Hochzeitsplanung und Beschneidungsfeiern bis hin zu romantischen Heiratsantr\u00e4gen und traditionellen Henna-Abenden \u2013 wir unterst\u00fctzen Sie bei all Ihren besonderen Anl\u00e4ssen.<\/p><p class=\"font-claude-response-body whitespace-normal break-words\">Durch die Verbindung moderner Organisationsmethoden mit traditionellen Werten bieten wir individuelle L\u00f6sungen f\u00fcr G\u00e4ste aller Altersgruppen und Kulturen. Wir k\u00fcmmern uns um alle Aspekte Ihrer Veranstaltung \u2013 von der Locationwahl und dem Catering bis hin zu Dekoration, Musik und Unterhaltung.<\/p>\t\t\t\t\t\t\t\t<\/div>\n\t\t\t\t<\/div>\n\t\t<div class=\"elementor-element elementor-element-330a2ee e-con-full e-flex e-con e-child\" data-id=\"330a2ee\" data-element_type=\"container\" data-settings=\"{&quot;jet_parallax_layout_list&quot;:[]}\">\n\t\t\t\t<div class=\"elementor-element elementor-element-c2eef18 elementor-widget elementor-widget-image\" data-id=\"c2eef18\" data-element_type=\"widget\" data-widget_type=\"image.default\">\n\t\t\t\t\t\t\t\t\t\t\t\t\t\t\t<img fetchpriority=\"high\" decoding=\"async\" width=\"765\" height=\"535\" src=\"https:\/\/sakievents.com\/wp-content\/uploads\/2025\/11\/1-1.jpg\" class=\"attachment-large size-large wp-image-666\" alt=\"\" srcset=\"https:\/\/sakievents.com\/wp-content\/uploads\/2025\/11\/1-1.jpg 765w, https:\/\/sakievents.com\/wp-content\/uploads\/2025\/11\/1-1-300x210.jpg 300w, https:\/\/sakievents.com\/wp-content\/uploads\/2025\/11\/1-1-18x12.jpg 18w\" sizes=\"(max-width: 765px) 100vw, 765px\" \/>\t\t\t\t\t\t\t\t\t\t\t\t\t\t\t<\/div>\n\t\t\t\t<\/div>\n\t\t\t\t\t<\/div>\n\t\t\t\t<\/div>\n\t\t<div class=\"elementor-element elementor-element-bd77be3 e-flex e-con-boxed elementor-invisible e-con e-parent\" data-id=\"bd77be3\" data-element_type=\"container\" data-settings=\"{&quot;background_background&quot;:&quot;classic&quot;,&quot;jet_parallax_layout_list&quot;:[],&quot;animation&quot;:&quot;fadeInUp&quot;}\">\n\t\t\t\t\t<div class=\"e-con-inner\">\n\t\t<div class=\"elementor-element elementor-element-76513e5 e-con-full e-flex e-con e-child\" data-id=\"76513e5\" data-element_type=\"container\" data-settings=\"{&quot;jet_parallax_layout_list&quot;:[]}\">\n\t\t\t\t<div class=\"elementor-element elementor-element-3c9f1de elementor-widget elementor-widget-heading\" data-id=\"3c9f1de\" data-element_type=\"widget\" data-widget_type=\"heading.default\">\n\t\t\t\t\t<h2 class=\"elementor-heading-title elementor-size-default\">Unsere Mission<\/h2>\t\t\t\t<\/div>\n\t\t\t\t<div class=\"elementor-element elementor-element-19262aa elementor-widget elementor-widget-text-editor\" data-id=\"19262aa\" data-element_type=\"widget\" data-widget_type=\"text-editor.default\">\n\t\t\t\t\t\t\t\t\t<p class=\"font-claude-response-body whitespace-normal break-words\">Als Saki Events, ein Unternehmen, das in der Hochzeitsorganisation und der Planung besonderer Veranstaltungen in Alanya etwas bewegt, ist es unsere Mission, die wertvollsten Momente unserer Kunden mit professioneller Herangehensweise und sorgf\u00e4ltiger Planung in unvergessliche Erlebnisse zu verwandeln.<\/p><p class=\"font-claude-response-body whitespace-normal break-words\">In jeder Organisation:<\/p><ul class=\"[&amp;:not(:last-child)_ul]:pb-1 [&amp;:not(:last-child)_ol]:pb-1 list-disc space-y-2.5 pl-7\"><li class=\"whitespace-normal break-words\"><strong>Kundenzufriedenheit<\/strong> Um einen Service zu bieten, der die Erwartungen \u00fcbertrifft, indem wir ihn stets im Vordergrund halten.<\/li><li class=\"whitespace-normal break-words\"><strong>Erschwinglich<\/strong> Um luxuri\u00f6se und hochwertige Veranstaltungen mit L\u00f6sungen zu organisieren<\/li><li class=\"whitespace-normal break-words\"><strong>Zeit- und detailorientiert<\/strong> Wir arbeiten daran, Veranstaltungen fehlerfrei zu planen.<\/li><li class=\"whitespace-normal break-words\"><strong>Kreativ und originell<\/strong> Jedes Event wird durch Konzepte einzigartig.<\/li><li class=\"whitespace-normal break-words\"><strong>Zuverl\u00e4ssige Gesch\u00e4ftspartnerschaften<\/strong> mit den besten Dienstleistern der Branche zusammenarbeiten<\/li><\/ul><p class=\"font-claude-response-body whitespace-normal break-words\">W\u00e4hrend wir unsere traditionellen Werte wie Henna-Partys, Verlobungsfeiern und Beschneidungszeremonien bewahren, gehen wir auch auf die Bed\u00fcrfnisse der Zeit mit modernen Heiratsantragskonzepten ein.<\/p>\t\t\t\t\t\t\t\t<\/div>\n\t\t\t\t<\/div>\n\t\t<div class=\"elementor-element elementor-element-55dc914 e-con-full e-flex e-con e-child\" data-id=\"55dc914\" data-element_type=\"container\" data-settings=\"{&quot;jet_parallax_layout_list&quot;:[]}\">\n\t\t\t\t<div class=\"elementor-element elementor-element-fd6db5a elementor-widget elementor-widget-heading\" data-id=\"fd6db5a\" data-element_type=\"widget\" data-widget_type=\"heading.default\">\n\t\t\t\t\t<h2 class=\"elementor-heading-title elementor-size-default\">Unsere Vision<\/h2>\t\t\t\t<\/div>\n\t\t\t\t<div class=\"elementor-element elementor-element-7c168ba elementor-widget elementor-widget-text-editor\" data-id=\"7c168ba\" data-element_type=\"widget\" data-widget_type=\"text-editor.default\">\n\t\t\t\t\t\t\t\t\t<p class=\"font-claude-response-body whitespace-normal break-words\"><strong>Das Organisationszentrum des Mittelmeerraums<\/strong> Saki Events hat es sich zum Ziel gesetzt, Branchenf\u00fchrer in Alanya und ganz Antalya zu werden. Als bevorzugte Eventagentur der T\u00fcrkei m\u00f6chten wir eine innovative und zuverl\u00e4ssige Marke sein, die professionelle Dienstleistungen f\u00fcr jedes Budget anbietet.<\/p><p class=\"font-claude-response-body whitespace-normal break-words\">Bis 2030:<\/p><ul class=\"[&amp;:not(:last-child)_ul]:pb-1 [&amp;:not(:last-child)_ol]:pb-1 list-disc space-y-2.5 pl-7\"><li class=\"whitespace-normal break-words\">In der Region Alanya <strong>Marktf\u00fchrerschaft<\/strong> die eigene Position festigen<\/li><li class=\"whitespace-normal break-words\"><strong>L\u00f6sungen f\u00fcr die digitale Organisation<\/strong> um innovative Standards in diesem Sektor zu schaffen<\/li><li class=\"whitespace-normal break-words\"><strong>Internationale Veranstaltungen<\/strong> und die \u00d6ffnung f\u00fcr den globalen Markt mit Destination-Wedding-Organisationen<\/li><li class=\"whitespace-normal break-words\"><strong>Nachhaltige Organisation<\/strong> Organisation umweltfreundlicher Veranstaltungen mit dem Verst\u00e4ndnis<\/li><li class=\"whitespace-normal break-words\"><strong>Franchisesystem<\/strong> sich im Mittelmeerraum weit verbreiten mit<\/li><\/ul><p class=\"font-claude-response-body whitespace-normal break-words\">Indem wir in jedem Bereich, von Hochzeiten bis hin zu Beschneidungsorganisationen, Exzellenz als Standard setzen, bleiben wir das Unternehmen, das die &quot;Traumorganisationen&quot; unserer Kunden in die Realit\u00e4t umsetzt.<\/p>\t\t\t\t\t\t\t\t<\/div>\n\t\t\t\t<\/div>\n\t\t<div class=\"elementor-element elementor-element-362a752 e-con-full e-flex e-con e-child\" data-id=\"362a752\" data-element_type=\"container\" data-settings=\"{&quot;jet_parallax_layout_list&quot;:[]}\">\n\t\t\t\t<div class=\"elementor-element elementor-element-53a4b91 elementor-widget elementor-widget-heading\" data-id=\"53a4b91\" data-element_type=\"widget\" data-widget_type=\"heading.default\">\n\t\t\t\t\t<h2 class=\"elementor-heading-title elementor-size-default\">Unsere Werte<\/h2>\t\t\t\t<\/div>\n\t\t\t\t<div class=\"elementor-element elementor-element-1e641ef elementor-widget elementor-widget-text-editor\" data-id=\"1e641ef\" data-element_type=\"widget\" data-widget_type=\"text-editor.default\">\n\t\t\t\t\t\t\t\t\t<h4 class=\"font-claude-response-subheading text-text-100 mt-1 -mb-1.5\"><strong>\ud83c\udfaf Perfektionismus<\/strong><\/h4><p class=\"font-claude-response-body whitespace-normal break-words\">Wir bieten Ihnen einen makellosen Service bis ins kleinste Detail bei jeder Hochzeitsorganisation, Henna-Nacht und jedem besonderen Event.<\/p><h4 class=\"font-claude-response-subheading text-text-100 mt-1 -mb-1.5\"><strong>\ud83d\udc8e Zuverl\u00e4ssigkeit<\/strong><\/h4><p class=\"font-claude-response-body whitespace-normal break-words\">Das Vertrauen, das wir uns durch die professionellen Organisationsdienstleistungen, die wir seit Jahren in Alanya anbieten, erworben haben, ist unser gr\u00f6\u00dftes Kapital.<\/p><h4 class=\"font-claude-response-subheading text-text-100 mt-1 -mb-1.5\"><strong>\ud83c\udf1f Innovation<\/strong><\/h4><p class=\"font-claude-response-body whitespace-normal break-words\">Wir entwickeln kreative Ideen, von modernen Konzepten wie der Organisation von Heiratsantr\u00e4gen bis hin zur Planung traditioneller Beschneidungshochzeiten.<\/p><h4 class=\"font-claude-response-subheading text-text-100 mt-1 -mb-1.5\"><strong>\ud83e\udd1d Kundenorientierung<\/strong><\/h4><p class=\"font-claude-response-body whitespace-normal break-words\">Wir gehen jedes Projekt so an, dass es den W\u00fcnschen und Erwartungen unserer Kunden entspricht und bieten personalisierte L\u00f6sungen an.<\/p><h4 class=\"font-claude-response-subheading text-text-100 mt-1 -mb-1.5\"><strong>\u23f0 P\u00fcnktliche Lieferung<\/strong><\/h4><p class=\"font-claude-response-body whitespace-normal break-words\">Wir halten uns strikt an den Zeitplan f\u00fcr Ihre Verlobungsfeier, Hochzeit oder sonstige Veranstaltung und sorgen f\u00fcr eine stressfreie Ablaufplanung.<\/p><h4 class=\"font-claude-response-subheading text-text-100 mt-1 -mb-1.5\"><strong>\ud83d\udcb0 Transparenz<\/strong><\/h4><p class=\"font-claude-response-body whitespace-normal break-words\">Wir arbeiten mit voller Transparenz bei der Preisgestaltung und den Serviceprozessen und erheben keine versteckten Kosten.<\/p><h4 class=\"font-claude-response-subheading text-text-100 mt-1 -mb-1.5\"><strong>\ud83c\udfa8 \u00c4sthetik und Qualit\u00e4t<\/strong><\/h4><p class=\"font-claude-response-body whitespace-normal break-words\">Wir legen in allen Bereichen, von der Dekoration \u00fcber den Veranstaltungsort bis hin zu Speisen und Musik, Wert auf hohe \u00e4sthetische und qualitative Standards.<\/p><h4 class=\"font-claude-response-subheading text-text-100 mt-1 -mb-1.5\"><strong>\ud83c\udf0d Kulturelle Sensibilit\u00e4t<\/strong><\/h4><p class=\"font-claude-response-body whitespace-normal break-words\">Wir respektieren die Hochzeitstraditionen und organisatorischen Erwartungen verschiedener Kulturen und entwickeln individuelle L\u00f6sungen.<\/p>\t\t\t\t\t\t\t\t<\/div>\n\t\t\t\t<\/div>\n\t\t\t\t\t<\/div>\n\t\t\t\t<\/div>\n\t\t\t\t<\/div>","protected":false},"excerpt":{"rendered":"<p>\u00dcber uns: Saki Events, eine etablierte Eventagentur in Alanya, bietet Ihnen sorgf\u00e4ltige Dienstleistungen, um Ihre besonderen Momente unvergesslich zu machen. Wir sind spezialisiert auf Hochzeitsplanung, Henna-Abende, Verlobungsfeiern, Beschneidungszeremonien und Heiratsantr\u00e4ge. Unser Team plant jedes Detail mit viel Liebe zum Detail und l\u00e4sst Ihre Traumveranstaltung Wirklichkeit werden. Mit Hunderten erfolgreich organisierten Events in Alanya und Antalya, einem professionellen Team und einem innovativen Ansatz [\u2026]<\/p>","protected":false},"author":1,"featured_media":633,"parent":0,"menu_order":0,"comment_status":"closed","ping_status":"closed","template":"elementor_header_footer","meta":{"_acf_changed":false,"footnotes":""},"class_list":["post-431","page","type-page","status-publish","has-post-thumbnail","hentry"],"acf":[],"yoast_head":"<!-- This site is optimized with the Yoast SEO plugin v25.6 - https:\/\/yoast.com\/wordpress\/plugins\/seo\/ -->\n<title>Hakk\u0131m\u0131zda - Saki Event | Alanya Organizasyon<\/title>\n<meta name=\"robots\" content=\"index, follow, max-snippet:-1, max-image-preview:large, max-video-preview:-1\" \/>\n<link rel=\"canonical\" href=\"https:\/\/sakievents.com\/de\/hakkimizda\/\" \/>\n<meta property=\"og:locale\" content=\"de_DE\" \/>\n<meta property=\"og:type\" content=\"article\" \/>\n<meta property=\"og:title\" content=\"Hakk\u0131m\u0131zda - Saki Event | Alanya Organizasyon\" \/>\n<meta property=\"og:description\" content=\"Hakk\u0131m\u0131zda Hakk\u0131m\u0131zda Alanya&#8217;n\u0131n k\u00f6kl\u00fc organizasyon firmas\u0131 Saki Events, hayat\u0131n\u0131z\u0131n \u00f6zel anlar\u0131n\u0131 unutulmaz k\u0131lmak i\u00e7in itinayla hizmet vermektedir. D\u00fc\u011f\u00fcn organizasyonu, k\u0131na gecesi, ni\u015fan t\u00f6reni, s\u00fcnnet d\u00fc\u011f\u00fcn\u00fc ve evlilik teklifi organizasyonu konular\u0131nda uzmanla\u015fm\u0131\u015f ekibimizle, her detay\u0131 titizlikle planl\u0131yor ve hayallerinizdeki etkinli\u011fi ger\u00e7e\u011fe d\u00f6n\u00fc\u015ft\u00fcr\u00fcyoruz. Alanya ve Antalya b\u00f6lgesinde y\u00fczlerce ba\u015far\u0131l\u0131 organizasyona imza atan Saki Events, profesyonel ekibi, yenilik\u00e7i [&hellip;]\" \/>\n<meta property=\"og:url\" content=\"https:\/\/sakievents.com\/de\/hakkimizda\/\" \/>\n<meta property=\"og:site_name\" content=\"Saki Event | Alanya Organizasyon\" \/>\n<meta property=\"article:modified_time\" content=\"2025-11-26T21:41:33+00:00\" \/>\n<meta property=\"og:image\" content=\"https:\/\/sakievents.com\/wp-content\/uploads\/2025\/11\/saki-logo.png\" \/>\n\t<meta property=\"og:image:width\" content=\"1024\" \/>\n\t<meta property=\"og:image:height\" content=\"1024\" \/>\n\t<meta property=\"og:image:type\" content=\"image\/png\" \/>\n<meta name=\"twitter:card\" content=\"summary_large_image\" \/>\n<meta name=\"twitter:label1\" content=\"Gesch\u00e4tzte Lesezeit\" \/>\n\t<meta name=\"twitter:data1\" content=\"3\u00a0Minuten\" \/>\n<script type=\"application\/ld+json\" class=\"yoast-schema-graph\">{\"@context\":\"https:\/\/schema.org\",\"@graph\":[{\"@type\":\"WebPage\",\"@id\":\"https:\/\/sakievents.com\/hakkimizda\/\",\"url\":\"https:\/\/sakievents.com\/hakkimizda\/\",\"name\":\"Hakk\u0131m\u0131zda - Saki Event | Alanya Organizasyon\",\"isPartOf\":{\"@id\":\"https:\/\/sakievents.com\/#website\"},\"primaryImageOfPage\":{\"@id\":\"https:\/\/sakievents.com\/hakkimizda\/#primaryimage\"},\"image\":{\"@id\":\"https:\/\/sakievents.com\/hakkimizda\/#primaryimage\"},\"thumbnailUrl\":\"https:\/\/sakievents.com\/wp-content\/uploads\/2025\/11\/saki-logo.png\",\"datePublished\":\"2025-08-09T22:56:04+00:00\",\"dateModified\":\"2025-11-26T21:41:33+00:00\",\"breadcrumb\":{\"@id\":\"https:\/\/sakievents.com\/hakkimizda\/#breadcrumb\"},\"inLanguage\":\"de\",\"potentialAction\":[{\"@type\":\"ReadAction\",\"target\":[\"https:\/\/sakievents.com\/hakkimizda\/\"]}]},{\"@type\":\"ImageObject\",\"inLanguage\":\"de\",\"@id\":\"https:\/\/sakievents.com\/hakkimizda\/#primaryimage\",\"url\":\"https:\/\/sakievents.com\/wp-content\/uploads\/2025\/11\/saki-logo.png\",\"contentUrl\":\"https:\/\/sakievents.com\/wp-content\/uploads\/2025\/11\/saki-logo.png\",\"width\":1024,\"height\":1024},{\"@type\":\"BreadcrumbList\",\"@id\":\"https:\/\/sakievents.com\/hakkimizda\/#breadcrumb\",\"itemListElement\":[{\"@type\":\"ListItem\",\"position\":1,\"name\":\"Anasayfa\",\"item\":\"https:\/\/sakievents.com\/\"},{\"@type\":\"ListItem\",\"position\":2,\"name\":\"Hakk\u0131m\u0131zda\"}]},{\"@type\":\"WebSite\",\"@id\":\"https:\/\/sakievents.com\/#website\",\"url\":\"https:\/\/sakievents.com\/\",\"name\":\"Saki Event | Alanya Organizasyon\",\"description\":\"Saki Event | Alanya Organizasyon\",\"potentialAction\":[{\"@type\":\"SearchAction\",\"target\":{\"@type\":\"EntryPoint\",\"urlTemplate\":\"https:\/\/sakievents.com\/?s={search_term_string}\"},\"query-input\":{\"@type\":\"PropertyValueSpecification\",\"valueRequired\":true,\"valueName\":\"search_term_string\"}}],\"inLanguage\":\"de\"}]}<\/script>\n<!-- \/ Yoast SEO plugin. -->","yoast_head_json":{"title":"Hakk\u0131m\u0131zda - Saki Event | Alanya Organizasyon","robots":{"index":"index","follow":"follow","max-snippet":"max-snippet:-1","max-image-preview":"max-image-preview:large","max-video-preview":"max-video-preview:-1"},"canonical":"https:\/\/sakievents.com\/de\/hakkimizda\/","og_locale":"de_DE","og_type":"article","og_title":"Hakk\u0131m\u0131zda - Saki Event | Alanya Organizasyon","og_description":"Hakk\u0131m\u0131zda Hakk\u0131m\u0131zda Alanya&#8217;n\u0131n k\u00f6kl\u00fc organizasyon firmas\u0131 Saki Events, hayat\u0131n\u0131z\u0131n \u00f6zel anlar\u0131n\u0131 unutulmaz k\u0131lmak i\u00e7in itinayla hizmet vermektedir. D\u00fc\u011f\u00fcn organizasyonu, k\u0131na gecesi, ni\u015fan t\u00f6reni, s\u00fcnnet d\u00fc\u011f\u00fcn\u00fc ve evlilik teklifi organizasyonu konular\u0131nda uzmanla\u015fm\u0131\u015f ekibimizle, her detay\u0131 titizlikle planl\u0131yor ve hayallerinizdeki etkinli\u011fi ger\u00e7e\u011fe d\u00f6n\u00fc\u015ft\u00fcr\u00fcyoruz. Alanya ve Antalya b\u00f6lgesinde y\u00fczlerce ba\u015far\u0131l\u0131 organizasyona imza atan Saki Events, profesyonel ekibi, yenilik\u00e7i [&hellip;]","og_url":"https:\/\/sakievents.com\/de\/hakkimizda\/","og_site_name":"Saki Event | Alanya Organizasyon","article_modified_time":"2025-11-26T21:41:33+00:00","og_image":[{"width":1024,"height":1024,"url":"https:\/\/sakievents.com\/wp-content\/uploads\/2025\/11\/saki-logo.png","type":"image\/png"}],"twitter_card":"summary_large_image","twitter_misc":{"Gesch\u00e4tzte Lesezeit":"3\u00a0Minuten"},"schema":{"@context":"https:\/\/schema.org","@graph":[{"@type":"WebPage","@id":"https:\/\/sakievents.com\/hakkimizda\/","url":"https:\/\/sakievents.com\/hakkimizda\/","name":"Hakk\u0131m\u0131zda - Saki Event | Alanya Organizasyon","isPartOf":{"@id":"https:\/\/sakievents.com\/#website"},"primaryImageOfPage":{"@id":"https:\/\/sakievents.com\/hakkimizda\/#primaryimage"},"image":{"@id":"https:\/\/sakievents.com\/hakkimizda\/#primaryimage"},"thumbnailUrl":"https:\/\/sakievents.com\/wp-content\/uploads\/2025\/11\/saki-logo.png","datePublished":"2025-08-09T22:56:04+00:00","dateModified":"2025-11-26T21:41:33+00:00","breadcrumb":{"@id":"https:\/\/sakievents.com\/hakkimizda\/#breadcrumb"},"inLanguage":"de","potentialAction":[{"@type":"ReadAction","target":["https:\/\/sakievents.com\/hakkimizda\/"]}]},{"@type":"ImageObject","inLanguage":"de","@id":"https:\/\/sakievents.com\/hakkimizda\/#primaryimage","url":"https:\/\/sakievents.com\/wp-content\/uploads\/2025\/11\/saki-logo.png","contentUrl":"https:\/\/sakievents.com\/wp-content\/uploads\/2025\/11\/saki-logo.png","width":1024,"height":1024},{"@type":"BreadcrumbList","@id":"https:\/\/sakievents.com\/hakkimizda\/#breadcrumb","itemListElement":[{"@type":"ListItem","position":1,"name":"Anasayfa","item":"https:\/\/sakievents.com\/"},{"@type":"ListItem","position":2,"name":"Hakk\u0131m\u0131zda"}]},{"@type":"WebSite","@id":"https:\/\/sakievents.com\/#website","url":"https:\/\/sakievents.com\/","name":"Saki Event | Alanya Organizasyon","description":"Saki Event | Alanya Organizasyon","potentialAction":[{"@type":"SearchAction","target":{"@type":"EntryPoint","urlTemplate":"https:\/\/sakievents.com\/?s={search_term_string}"},"query-input":{"@type":"PropertyValueSpecification","valueRequired":true,"valueName":"search_term_string"}}],"inLanguage":"de"}]}},"_links":{"self":[{"href":"https:\/\/sakievents.com\/de\/wp-json\/wp\/v2\/pages\/431","targetHints":{"allow":["GET"]}}],"collection":[{"href":"https:\/\/sakievents.com\/de\/wp-json\/wp\/v2\/pages"}],"about":[{"href":"https:\/\/sakievents.com\/de\/wp-json\/wp\/v2\/types\/page"}],"author":[{"embeddable":true,"href":"https:\/\/sakievents.com\/de\/wp-json\/wp\/v2\/users\/1"}],"replies":[{"embeddable":true,"href":"https:\/\/sakievents.com\/de\/wp-json\/wp\/v2\/comments?post=431"}],"version-history":[{"count":11,"href":"https:\/\/sakievents.com\/de\/wp-json\/wp\/v2\/pages\/431\/revisions"}],"predecessor-version":[{"id":707,"href":"https:\/\/sakievents.com\/de\/wp-json\/wp\/v2\/pages\/431\/revisions\/707"}],"wp:featuredmedia":[{"embeddable":true,"href":"https:\/\/sakievents.com\/de\/wp-json\/wp\/v2\/media\/633"}],"wp:attachment":[{"href":"https:\/\/sakievents.com\/de\/wp-json\/wp\/v2\/media?parent=431"}],"curies":[{"name":"wp","href":"https:\/\/api.w.org\/{rel}","templated":true}]}}